{"id":3302,"date":"2026-03-27T12:42:01","date_gmt":"2026-03-27T12:42:01","guid":{"rendered":"https:\/\/dgepa.meci.pt\/?page_id=3302"},"modified":"2026-03-27T16:27:27","modified_gmt":"2026-03-27T16:27:27","slug":"estrutura-organica","status":"publish","type":"page","link":"https:\/\/dgepa.meci.pt\/en\/estrutura-organica\/","title":{"rendered":"Organic Structure"},"content":{"rendered":"<section id=\"block_b2bf84bdf6ab3a9248e9945e18db0ede\" class=\"content-block b-cards-section --bg-white --color-black --row-3-items --cards-info\">\n\n\t\t\t<div class=\"c-section-intro --align-center\">\n\t<div class=\"container\">\n\t\t\t\t\t\t\t<h2 class=\"headline-1\">Organic Structure<\/h2>\t\t\t\t\t\t\t<div class=\"text c-description\"><p>A estrutura org\u00e2nica da DGEPA organiza-se em diferentes dire\u00e7\u00f5es de servi\u00e7os, respons\u00e1veis pela prossecu\u00e7\u00e3o das suas atribui\u00e7\u00f5es nas \u00e1reas do planeamento estrat\u00e9gico, monitoriza\u00e7\u00e3o e avalia\u00e7\u00e3o de pol\u00edticas p\u00fablicas, coordena\u00e7\u00e3o or\u00e7amental, rela\u00e7\u00f5es internacionais e gest\u00e3o interna.<\/p>\n<\/div>\t<\/div>\n<\/div>\n\n\t\t\t<div class=\"container\">\n\t\t\t\t\t\t\t\t\t\t\t\t\t\t\t\t\t\t\t\t\t\t\t\t\t\t<div class=\"cards-list --align-left --bg-white --border-gray\">\n\t\t\t\t\t\t\t\t\t\t\t\t\t\t\t\t\t\t\t\t\t\t\t<div class=\"c-card-info --has-button\">\n\t\t<div class=\"info\">\n\t\t\t\t\t\t\t<div class=\"icon\"><i class=\"icon-material\" data-icon=\"\"><\/i><\/div>\t\t\t<h3 class=\"title\"><span>Dire\u00e7\u00e3o de Servi\u00e7os de Prospetiva e Planeamento de Pol\u00edticas P\u00fablicas (DSP4)<\/span><\/h3>\t\t\t\t\t\t\t<div class=\"c-description\">\n\t\t\t\t\t<p>Respons\u00e1vel pela elabora\u00e7\u00e3o de estudos, an\u00e1lises e exerc\u00edcios prospetivos que apoiam a defini\u00e7\u00e3o de prioridades estrat\u00e9gicas e o desenvolvimento dos instrumentos de planeamento das pol\u00edticas p\u00fablicas do MECI.<\/p>\n\t\t\t\t<\/div>\n\t\t\t\t\t\t\t\t\t\t\t\t\t\t<div class=\"btn-wrapper\">\n\t\t\t\t\t<a href=\"https:\/\/dgepa.meci.pt\/en\/direcao-de-servicos-de-prospetiva-e-planeamento-de-politicas-publicas\/\" target=\"_self\" class=\"c-icon-button stretched-link\" title=\"Ir paraIr para Dire\u00e7\u00e3o de Servi\u00e7os de Prospetiva e Planeamento de Pol\u00edticas P\u00fablicas (DSP4)\"><i class=\"icon-material\" aria-hidden=\"true\" data-icon=\"arrow_forward\"><\/i><\/a>\n\t\t\t\t<\/div>\n\t\t\t\t\t<\/div>\n\t<\/div>\n\t\t\t\t\t\t\t\t\t\t\t\t\t\t\t\t\t\t\t\t\t\t\t\t<div class=\"c-card-info --has-button\">\n\t\t<div class=\"info\">\n\t\t\t\t\t\t\t<div class=\"icon\"><i class=\"icon-material\" data-icon=\"\"><\/i><\/div>\t\t\t<h3 class=\"title\"><span>Dire\u00e7\u00e3o de Servi\u00e7os de Monitoriza\u00e7\u00e3o e Avalia\u00e7\u00e3o de Pol\u00edticas P\u00fablicas (DSMAPP)<\/span><\/h3>\t\t\t\t\t\t\t<div class=\"c-description\">\n\t\t\t\t\t<p>Respons\u00e1vel pelo acompanhamento, monitoriza\u00e7\u00e3o e avalia\u00e7\u00e3o das pol\u00edticas p\u00fablicas do MECI, desenvolvendo sistemas de indicadores e metodologias que apoiam a an\u00e1lise de resultados e a melhoria da decis\u00e3o p\u00fablica.<\/p>\n\t\t\t\t<\/div>\n\t\t\t\t\t\t\t\t\t\t\t\t\t\t<div class=\"btn-wrapper\">\n\t\t\t\t\t<a href=\"https:\/\/dgepa.meci.pt\/en\/direcao-de-servicos-de-monitorizacao-e-avaliacao-de-politicas-publicas\/\" target=\"_self\" class=\"c-icon-button stretched-link\" title=\"Ir paraIr para Dire\u00e7\u00e3o de Servi\u00e7os de Monitoriza\u00e7\u00e3o e Avalia\u00e7\u00e3o de Pol\u00edticas P\u00fablicas (DSMAPP)\"><i class=\"icon-material\" aria-hidden=\"true\" data-icon=\"arrow_forward\"><\/i><\/a>\n\t\t\t\t<\/div>\n\t\t\t\t\t<\/div>\n\t<\/div>\n\t\t\t\t\t\t\t\t\t\t\t\t\t\t\t\t\t\t\t\t\t\t\t\t<div class=\"c-card-info --has-button\">\n\t\t<div class=\"info\">\n\t\t\t\t\t\t\t<div class=\"icon\"><i class=\"icon-material\" data-icon=\"\"><\/i><\/div>\t\t\t<h3 class=\"title\"><span>Dire\u00e7\u00e3o de Servi\u00e7os de Planeamento e Coordena\u00e7\u00e3o Or\u00e7amental (DSPCO)<\/span><\/h3>\t\t\t\t\t\t\t<div class=\"c-description\">\n\t\t\t\t\t<p>Respons\u00e1vel pela coordena\u00e7\u00e3o dos programas or\u00e7amentais do MECI, assegurando a articula\u00e7\u00e3o entre planeamento estrat\u00e9gico, programa\u00e7\u00e3o financeira e execu\u00e7\u00e3o or\u00e7amental das pol\u00edticas p\u00fablicas.<\/p>\n\t\t\t\t<\/div>\n\t\t\t\t\t\t\t\t\t\t\t\t\t\t<div class=\"btn-wrapper\">\n\t\t\t\t\t<a href=\"https:\/\/dgepa.meci.pt\/en\/direcao-de-servicos-de-planeamento-e-coordenacao-orcamental\/\" target=\"_self\" class=\"c-icon-button stretched-link\" title=\"Ir paraIr para Dire\u00e7\u00e3o de Servi\u00e7os de Planeamento e Coordena\u00e7\u00e3o Or\u00e7amental (DSPCO)\"><i class=\"icon-material\" aria-hidden=\"true\" data-icon=\"arrow_forward\"><\/i><\/a>\n\t\t\t\t<\/div>\n\t\t\t\t\t<\/div>\n\t<\/div>\n\t\t\t\t\t\t\t\t\t\t\t\t\t\t\t\t\t\t\t\t\t\t\t\t<div class=\"c-card-info --has-button\">\n\t\t<div class=\"info\">\n\t\t\t\t\t\t\t<div class=\"icon\"><i class=\"icon-material\" data-icon=\"\"><\/i><\/div>\t\t\t<h3 class=\"title\"><span>Dire\u00e7\u00e3o de Servi\u00e7os de Rela\u00e7\u00f5es Internacionais (DSRI)<\/span><\/h3>\t\t\t\t\t\t\t<div class=\"c-description\">\n\t\t\t\t\t<p>Respons\u00e1vel pela coordena\u00e7\u00e3o t\u00e9cnica das rela\u00e7\u00f5es internacionais do MECI, assegurando a articula\u00e7\u00e3o com a Uni\u00e3o Europeia, organiza\u00e7\u00f5es internacionais e parceiros multilaterais nas \u00e1reas da educa\u00e7\u00e3o, ci\u00eancia e inova\u00e7\u00e3o.<\/p>\n\t\t\t\t<\/div>\n\t\t\t\t\t\t\t\t\t\t\t\t\t\t<div class=\"btn-wrapper\">\n\t\t\t\t\t<a href=\"https:\/\/dgepa.meci.pt\/en\/direcao-de-servicos-de-relacoes-internacionais\/\" target=\"_self\" class=\"c-icon-button stretched-link\" title=\"Ir paraIr para Dire\u00e7\u00e3o de Servi\u00e7os de Rela\u00e7\u00f5es Internacionais (DSRI)\"><i class=\"icon-material\" aria-hidden=\"true\" data-icon=\"arrow_forward\"><\/i><\/a>\n\t\t\t\t<\/div>\n\t\t\t\t\t<\/div>\n\t<\/div>\n\t\t\t\t\t\t\t\t\t\t\t\t\t\t\t\t\t\t\t\t\t\t\t\t<div class=\"c-card-info --has-button\">\n\t\t<div class=\"info\">\n\t\t\t\t\t\t\t<div class=\"icon\"><i class=\"icon-material\" data-icon=\"\"><\/i><\/div>\t\t\t<h3 class=\"title\"><span>Dire\u00e7\u00e3o de Servi\u00e7os de Administra\u00e7\u00e3o e Gest\u00e3o (DSAG)<\/span><\/h3>\t\t\t\t\t\t\t<div class=\"c-description\">\n\t\t\t\t\t<p>Respons\u00e1vel pelo apoio interno \u00e0 gest\u00e3o da DGEPA, assegurando fun\u00e7\u00f5es nas \u00e1reas de recursos humanos, planeamento interno, controlo de gest\u00e3o, comunica\u00e7\u00e3o institucional e funcionamento administrativo.<\/p>\n\t\t\t\t<\/div>\n\t\t\t\t\t\t\t\t\t\t\t\t\t\t<div class=\"btn-wrapper\">\n\t\t\t\t\t<a href=\"https:\/\/dgepa.meci.pt\/en\/direcao-de-servicos-de-administracao-e-gestao\/\" target=\"_self\" class=\"c-icon-button stretched-link\" title=\"Ir paraIr para Dire\u00e7\u00e3o de Servi\u00e7os de Administra\u00e7\u00e3o e Gest\u00e3o (DSAG)\"><i class=\"icon-material\" aria-hidden=\"true\" data-icon=\"arrow_forward\"><\/i><\/a>\n\t\t\t\t<\/div>\n\t\t\t\t\t<\/div>\n\t<\/div>\n\t\t\t\t\t\t\t\t\t\t\t\t\t\t\t\t\t\t\t\t\t<\/div>\n\t\t\t\t\t\t\t\t\t\n\t\t\t\t\t\t\t<\/div>\n\n\t\t<\/section>","protected":false},"excerpt":{"rendered":"","protected":false},"author":3,"featured_media":0,"parent":0,"menu_order":0,"comment_status":"closed","ping_status":"closed","template":"","meta":{"_acf_changed":false,"footnotes":""},"class_list":["post-3302","page","type-page","status-publish","hentry"],"acf":[],"yoast_head":"<!-- This site is optimized with the Yoast SEO plugin v27.5 - https:\/\/yoast.com\/product\/yoast-seo-wordpress\/ -->\n<title>Estrutura Org\u00e2nica - DGEPA<\/title>\n<meta name=\"robots\" content=\"index, follow, max-snippet:-1, max-image-preview:large, max-video-preview:-1\" \/>\n<link rel=\"canonical\" href=\"https:\/\/dev.dgepa.meci.pt\/estrutura-organica\/\" \/>\n<meta property=\"og:locale\" content=\"en_GB\" \/>\n<meta property=\"og:type\" content=\"article\" \/>\n<meta property=\"og:title\" content=\"Estrutura Org\u00e2nica - DGEPA\" \/>\n<meta property=\"og:url\" content=\"https:\/\/dev.dgepa.meci.pt\/estrutura-organica\/\" \/>\n<meta property=\"og:site_name\" content=\"DGEPA\" \/>\n<meta property=\"article:modified_time\" content=\"2026-03-27T16:27:27+00:00\" \/>\n<meta name=\"twitter:card\" content=\"summary_large_image\" \/>\n<script type=\"application\/ld+json\" class=\"yoast-schema-graph\">{\"@context\":\"https:\\\/\\\/schema.org\",\"@graph\":[{\"@type\":\"WebPage\",\"@id\":\"https:\\\/\\\/dev.dgepa.meci.pt\\\/estrutura-organica\\\/\",\"url\":\"https:\\\/\\\/dev.dgepa.meci.pt\\\/estrutura-organica\\\/\",\"name\":\"Estrutura Org\u00e2nica - DGEPA\",\"isPartOf\":{\"@id\":\"https:\\\/\\\/dev.dgepa.meci.pt\\\/#website\"},\"datePublished\":\"2026-03-27T12:42:01+00:00\",\"dateModified\":\"2026-03-27T16:27:27+00:00\",\"breadcrumb\":{\"@id\":\"https:\\\/\\\/dev.dgepa.meci.pt\\\/estrutura-organica\\\/#breadcrumb\"},\"inLanguage\":\"en-GB\",\"potentialAction\":[{\"@type\":\"ReadAction\",\"target\":[\"https:\\\/\\\/dev.dgepa.meci.pt\\\/estrutura-organica\\\/\"]}]},{\"@type\":\"BreadcrumbList\",\"@id\":\"https:\\\/\\\/dev.dgepa.meci.pt\\\/estrutura-organica\\\/#breadcrumb\",\"itemListElement\":[{\"@type\":\"ListItem\",\"position\":1,\"name\":\"Home\",\"item\":\"https:\\\/\\\/dev.dgepa.meci.pt\\\/\"},{\"@type\":\"ListItem\",\"position\":2,\"name\":\"Estrutura Org\u00e2nica\"}]},{\"@type\":\"WebSite\",\"@id\":\"https:\\\/\\\/dev.dgepa.meci.pt\\\/#website\",\"url\":\"https:\\\/\\\/dev.dgepa.meci.pt\\\/\",\"name\":\"DGEPA\",\"description\":\"Dire\u00e7\u00e3o-Geral de Estudos, Planeamento e Avalia\u00e7\u00e3o\",\"potentialAction\":[{\"@type\":\"SearchAction\",\"target\":{\"@type\":\"EntryPoint\",\"urlTemplate\":\"https:\\\/\\\/dev.dgepa.meci.pt\\\/?s={search_term_string}\"},\"query-input\":{\"@type\":\"PropertyValueSpecification\",\"valueRequired\":true,\"valueName\":\"search_term_string\"}}],\"inLanguage\":\"en-GB\"}]}<\/script>\n<!-- \/ Yoast SEO plugin. -->","yoast_head_json":{"title":"Estrutura Org\u00e2nica - DGEPA","robots":{"index":"index","follow":"follow","max-snippet":"max-snippet:-1","max-image-preview":"max-image-preview:large","max-video-preview":"max-video-preview:-1"},"canonical":"https:\/\/dev.dgepa.meci.pt\/estrutura-organica\/","og_locale":"en_GB","og_type":"article","og_title":"Estrutura Org\u00e2nica - DGEPA","og_url":"https:\/\/dev.dgepa.meci.pt\/estrutura-organica\/","og_site_name":"DGEPA","article_modified_time":"2026-03-27T16:27:27+00:00","twitter_card":"summary_large_image","schema":{"@context":"https:\/\/schema.org","@graph":[{"@type":"WebPage","@id":"https:\/\/dev.dgepa.meci.pt\/estrutura-organica\/","url":"https:\/\/dev.dgepa.meci.pt\/estrutura-organica\/","name":"Estrutura Org\u00e2nica - DGEPA","isPartOf":{"@id":"https:\/\/dev.dgepa.meci.pt\/#website"},"datePublished":"2026-03-27T12:42:01+00:00","dateModified":"2026-03-27T16:27:27+00:00","breadcrumb":{"@id":"https:\/\/dev.dgepa.meci.pt\/estrutura-organica\/#breadcrumb"},"inLanguage":"en-GB","potentialAction":[{"@type":"ReadAction","target":["https:\/\/dev.dgepa.meci.pt\/estrutura-organica\/"]}]},{"@type":"BreadcrumbList","@id":"https:\/\/dev.dgepa.meci.pt\/estrutura-organica\/#breadcrumb","itemListElement":[{"@type":"ListItem","position":1,"name":"Home","item":"https:\/\/dev.dgepa.meci.pt\/"},{"@type":"ListItem","position":2,"name":"Estrutura Org\u00e2nica"}]},{"@type":"WebSite","@id":"https:\/\/dev.dgepa.meci.pt\/#website","url":"https:\/\/dev.dgepa.meci.pt\/","name":"DGEPA","description":"Directorate-General for Studies, Planning and Evaluation","potentialAction":[{"@type":"SearchAction","target":{"@type":"EntryPoint","urlTemplate":"https:\/\/dev.dgepa.meci.pt\/?s={search_term_string}"},"query-input":{"@type":"PropertyValueSpecification","valueRequired":true,"valueName":"search_term_string"}}],"inLanguage":"en-GB"}]}},"_links":{"self":[{"href":"https:\/\/dgepa.meci.pt\/en\/wp-json\/wp\/v2\/pages\/3302","targetHints":{"allow":["GET"]}}],"collection":[{"href":"https:\/\/dgepa.meci.pt\/en\/wp-json\/wp\/v2\/pages"}],"about":[{"href":"https:\/\/dgepa.meci.pt\/en\/wp-json\/wp\/v2\/types\/page"}],"author":[{"embeddable":true,"href":"https:\/\/dgepa.meci.pt\/en\/wp-json\/wp\/v2\/users\/3"}],"replies":[{"embeddable":true,"href":"https:\/\/dgepa.meci.pt\/en\/wp-json\/wp\/v2\/comments?post=3302"}],"version-history":[{"count":2,"href":"https:\/\/dgepa.meci.pt\/en\/wp-json\/wp\/v2\/pages\/3302\/revisions"}],"predecessor-version":[{"id":3332,"href":"https:\/\/dgepa.meci.pt\/en\/wp-json\/wp\/v2\/pages\/3302\/revisions\/3332"}],"wp:attachment":[{"href":"https:\/\/dgepa.meci.pt\/en\/wp-json\/wp\/v2\/media?parent=3302"}],"curies":[{"name":"wp","href":"https:\/\/api.w.org\/{rel}","templated":true}]}}