{"id":3310,"date":"2026-03-27T14:06:25","date_gmt":"2026-03-27T14:06:25","guid":{"rendered":"https:\/\/dgepa.meci.pt\/?page_id=3310"},"modified":"2026-04-06T10:10:55","modified_gmt":"2026-04-06T10:10:55","slug":"atividades","status":"publish","type":"page","link":"https:\/\/dgepa.meci.pt\/en\/atividades\/","title":{"rendered":"Activities"},"content":{"rendered":"<section id=\"block_1a535724db4f01bbca0a6126effcd2c8\" class=\"content-block b-cards-section --bg-white --color-black --row-3-items --cards-info\">\n\n\t\t\t<div class=\"c-section-intro --align-center\">\n\t<div class=\"container\">\n\t\t\t\t\t\t\t<h2 class=\"headline-1\">Activities<\/h2>\t\t\t\t\t<\/div>\n<\/div>\n\n\t\t\t<div class=\"container\">\n\t\t\t\t\t\t\t\t\t\t\t\t\t\t\t\t\t\t\t\t\t\t\t\t\t\t<div class=\"cards-list --align-left --bg-white --border-gray\">\n\t\t\t\t\t\t\t\t\t\t\t\t\t\t\t\t\t\t\t\t\t\t\t<div class=\"c-card-info\">\n\t\t<div class=\"info\">\n\t\t\t\t\t\t\t<div class=\"icon\"><i class=\"icon-material\" data-icon=\"\"><\/i><\/div>\t\t\t<h3 class=\"title\"><span>Estudos e Planeamento Estrat\u00e9gico<\/span><\/h3>\t\t\t\t\t\t\t<div class=\"c-description\">\n\t\t\t\t\t<p>Realiza\u00e7\u00e3o de an\u00e1lises e proje\u00e7\u00f5es para apoiar a defini\u00e7\u00e3o de prioridades nas \u00e1reas da educa\u00e7\u00e3o, ci\u00eancia e inova\u00e7\u00e3o.<\/p>\n\t\t\t\t<\/div>\n\t\t\t\t\t\t\t\t<\/div>\n\t<\/div>\n\t\t\t\t\t\t\t\t\t\t\t\t\t\t\t\t\t\t\t\t\t\t\t\t<div class=\"c-card-info\">\n\t\t<div class=\"info\">\n\t\t\t\t\t\t\t<div class=\"icon\"><i class=\"icon-material\" data-icon=\"\"><\/i><\/div>\t\t\t<h3 class=\"title\"><span>Instrumentos de Planeamento e Legisla\u00e7\u00e3o<\/span><\/h3>\t\t\t\t\t\t\t<div class=\"c-description\">\n\t\t\t\t\t<p>Elabora\u00e7\u00e3o e acompanhamento de instrumentos estrat\u00e9gicos como o Or\u00e7amento do Estado e as Grandes Op\u00e7\u00f5es do Plano.<\/p>\n\t\t\t\t<\/div>\n\t\t\t\t\t\t\t\t<\/div>\n\t<\/div>\n\t\t\t\t\t\t\t\t\t\t\t\t\t\t\t\t\t\t\t\t\t\t\t\t<div class=\"c-card-info\">\n\t\t<div class=\"info\">\n\t\t\t\t\t\t\t<div class=\"icon\"><i class=\"icon-material\" data-icon=\"\"><\/i><\/div>\t\t\t<h3 class=\"title\"><span>Coordena\u00e7\u00e3o Or\u00e7amental<\/span><\/h3>\t\t\t\t\t\t\t<div class=\"c-description\">\n\t\t\t\t\t<p>Coordena\u00e7\u00e3o dos Programas Or\u00e7amentais do MECI e acompanhamento da execu\u00e7\u00e3o or\u00e7amental.<\/p>\n\t\t\t\t<\/div>\n\t\t\t\t\t\t\t\t<\/div>\n\t<\/div>\n\t\t\t\t\t\t\t\t\t\t\t\t\t\t\t\t\t\t\t\t\t\t\t\t<div class=\"c-card-info\">\n\t\t<div class=\"info\">\n\t\t\t\t\t\t\t<div class=\"icon\"><i class=\"icon-material\" data-icon=\"\"><\/i><\/div>\t\t\t<h3 class=\"title\"><span>An\u00e1lise econ\u00f3mico-financeira<\/span><\/h3>\t\t\t\t\t\t\t<div class=\"c-description\">\n\t\t\t\t\t<p>Apoio \u00e0 defini\u00e7\u00e3o de prioridades com base em an\u00e1lises econ\u00f3mico-financeiras.<\/p>\n\t\t\t\t<\/div>\n\t\t\t\t\t\t\t\t<\/div>\n\t<\/div>\n\t\t\t\t\t\t\t\t\t\t\t\t\t\t\t\t\t\t\t\t\t\t\t\t<div class=\"c-card-info\">\n\t\t<div class=\"info\">\n\t\t\t\t\t\t\t<div class=\"icon\"><i class=\"icon-material\" data-icon=\"\"><\/i><\/div>\t\t\t<h3 class=\"title\"><span>Estat\u00edsticas e Indicadores Internacionais<\/span><\/h3>\t\t\t\t\t\t\t<div class=\"c-description\">\n\t\t\t\t\t<p>Acompanhamento comparado no contexto da Uni\u00e3o Europeia e da OCDE e coordena\u00e7\u00e3o da Rede Eurydice em Portugal.<\/p>\n\t\t\t\t<\/div>\n\t\t\t\t\t\t\t\t<\/div>\n\t<\/div>\n\t\t\t\t\t\t\t\t\t\t\t\t\t\t\t\t\t\t\t\t\t\t\t\t<div class=\"c-card-info\">\n\t\t<div class=\"info\">\n\t\t\t\t\t\t\t<div class=\"icon\"><i class=\"icon-material\" data-icon=\"\"><\/i><\/div>\t\t\t<h3 class=\"title\"><span>Rela\u00e7\u00f5es Internacionais<\/span><\/h3>\t\t\t\t\t\t\t<div class=\"c-description\">\n\t\t\t\t\t<p>Coordena\u00e7\u00e3o da participa\u00e7\u00e3o do MECI em inst\u00e2ncias europeias e multilaterais.<\/p>\n\t\t\t\t<\/div>\n\t\t\t\t\t\t\t\t<\/div>\n\t<\/div>\n\t\t\t\t\t\t\t\t\t\t\t\t\t\t\t\t\t\t\t\t\t\t\t\t<div class=\"c-card-info\">\n\t\t<div class=\"info\">\n\t\t\t\t\t\t\t<div class=\"icon\"><i class=\"icon-material\" data-icon=\"\"><\/i><\/div>\t\t\t<h3 class=\"title\"><span>Coordena\u00e7\u00e3o interna<\/span><\/h3>\t\t\t\t\t\t\t<div class=\"c-description\">\n\t\t\t\t\t<p>Promo\u00e7\u00e3o da coer\u00eancia estrat\u00e9gica entre os \u00f3rg\u00e3os do MECI e apoio direto ao membro do Governo respons\u00e1vel.<\/p>\n\t\t\t\t<\/div>\n\t\t\t\t\t\t\t\t<\/div>\n\t<\/div>\n\t\t\t\t\t\t\t\t\t\t\t\t\t\t\t\t\t\t\t\t\t<\/div>\n\t\t\t\t\t\t\t\t\t\n\t\t\t\t\t\t\t<\/div>\n\n\t\t<\/section>","protected":false},"excerpt":{"rendered":"","protected":false},"author":3,"featured_media":0,"parent":0,"menu_order":0,"comment_status":"closed","ping_status":"closed","template":"","meta":{"_acf_changed":false,"footnotes":""},"class_list":["post-3310","page","type-page","status-publish","hentry"],"acf":[],"yoast_head":"<!-- This site is optimized with the Yoast SEO plugin v27.5 - https:\/\/yoast.com\/product\/yoast-seo-wordpress\/ -->\n<title>Atividades - DGEPA<\/title>\n<meta name=\"robots\" content=\"index, follow, max-snippet:-1, max-image-preview:large, max-video-preview:-1\" \/>\n<link rel=\"canonical\" href=\"https:\/\/dev.dgepa.meci.pt\/atividades\/\" \/>\n<meta property=\"og:locale\" content=\"en_GB\" \/>\n<meta property=\"og:type\" content=\"article\" \/>\n<meta property=\"og:title\" content=\"Atividades - DGEPA\" \/>\n<meta property=\"og:url\" content=\"https:\/\/dev.dgepa.meci.pt\/atividades\/\" \/>\n<meta property=\"og:site_name\" content=\"DGEPA\" \/>\n<meta property=\"article:modified_time\" content=\"2026-04-06T10:10:55+00:00\" \/>\n<meta name=\"twitter:card\" content=\"summary_large_image\" \/>\n<script type=\"application\/ld+json\" class=\"yoast-schema-graph\">{\"@context\":\"https:\\\/\\\/schema.org\",\"@graph\":[{\"@type\":\"WebPage\",\"@id\":\"https:\\\/\\\/dev.dgepa.meci.pt\\\/atividades\\\/\",\"url\":\"https:\\\/\\\/dev.dgepa.meci.pt\\\/atividades\\\/\",\"name\":\"Atividades - DGEPA\",\"isPartOf\":{\"@id\":\"https:\\\/\\\/dev.dgepa.meci.pt\\\/#website\"},\"datePublished\":\"2026-03-27T14:06:25+00:00\",\"dateModified\":\"2026-04-06T10:10:55+00:00\",\"breadcrumb\":{\"@id\":\"https:\\\/\\\/dev.dgepa.meci.pt\\\/atividades\\\/#breadcrumb\"},\"inLanguage\":\"en-GB\",\"potentialAction\":[{\"@type\":\"ReadAction\",\"target\":[\"https:\\\/\\\/dev.dgepa.meci.pt\\\/atividades\\\/\"]}]},{\"@type\":\"BreadcrumbList\",\"@id\":\"https:\\\/\\\/dev.dgepa.meci.pt\\\/atividades\\\/#breadcrumb\",\"itemListElement\":[{\"@type\":\"ListItem\",\"position\":1,\"name\":\"Home\",\"item\":\"https:\\\/\\\/dev.dgepa.meci.pt\\\/\"},{\"@type\":\"ListItem\",\"position\":2,\"name\":\"Atividades\"}]},{\"@type\":\"WebSite\",\"@id\":\"https:\\\/\\\/dev.dgepa.meci.pt\\\/#website\",\"url\":\"https:\\\/\\\/dev.dgepa.meci.pt\\\/\",\"name\":\"DGEPA\",\"description\":\"Dire\u00e7\u00e3o-Geral de Estudos, Planeamento e Avalia\u00e7\u00e3o\",\"potentialAction\":[{\"@type\":\"SearchAction\",\"target\":{\"@type\":\"EntryPoint\",\"urlTemplate\":\"https:\\\/\\\/dev.dgepa.meci.pt\\\/?s={search_term_string}\"},\"query-input\":{\"@type\":\"PropertyValueSpecification\",\"valueRequired\":true,\"valueName\":\"search_term_string\"}}],\"inLanguage\":\"en-GB\"}]}<\/script>\n<!-- \/ Yoast SEO plugin. -->","yoast_head_json":{"title":"Atividades - DGEPA","robots":{"index":"index","follow":"follow","max-snippet":"max-snippet:-1","max-image-preview":"max-image-preview:large","max-video-preview":"max-video-preview:-1"},"canonical":"https:\/\/dev.dgepa.meci.pt\/atividades\/","og_locale":"en_GB","og_type":"article","og_title":"Atividades - DGEPA","og_url":"https:\/\/dev.dgepa.meci.pt\/atividades\/","og_site_name":"DGEPA","article_modified_time":"2026-04-06T10:10:55+00:00","twitter_card":"summary_large_image","schema":{"@context":"https:\/\/schema.org","@graph":[{"@type":"WebPage","@id":"https:\/\/dev.dgepa.meci.pt\/atividades\/","url":"https:\/\/dev.dgepa.meci.pt\/atividades\/","name":"Atividades - DGEPA","isPartOf":{"@id":"https:\/\/dev.dgepa.meci.pt\/#website"},"datePublished":"2026-03-27T14:06:25+00:00","dateModified":"2026-04-06T10:10:55+00:00","breadcrumb":{"@id":"https:\/\/dev.dgepa.meci.pt\/atividades\/#breadcrumb"},"inLanguage":"en-GB","potentialAction":[{"@type":"ReadAction","target":["https:\/\/dev.dgepa.meci.pt\/atividades\/"]}]},{"@type":"BreadcrumbList","@id":"https:\/\/dev.dgepa.meci.pt\/atividades\/#breadcrumb","itemListElement":[{"@type":"ListItem","position":1,"name":"Home","item":"https:\/\/dev.dgepa.meci.pt\/"},{"@type":"ListItem","position":2,"name":"Atividades"}]},{"@type":"WebSite","@id":"https:\/\/dev.dgepa.meci.pt\/#website","url":"https:\/\/dev.dgepa.meci.pt\/","name":"DGEPA","description":"Directorate-General for Studies, Planning and Evaluation","potentialAction":[{"@type":"SearchAction","target":{"@type":"EntryPoint","urlTemplate":"https:\/\/dev.dgepa.meci.pt\/?s={search_term_string}"},"query-input":{"@type":"PropertyValueSpecification","valueRequired":true,"valueName":"search_term_string"}}],"inLanguage":"en-GB"}]}},"_links":{"self":[{"href":"https:\/\/dgepa.meci.pt\/en\/wp-json\/wp\/v2\/pages\/3310","targetHints":{"allow":["GET"]}}],"collection":[{"href":"https:\/\/dgepa.meci.pt\/en\/wp-json\/wp\/v2\/pages"}],"about":[{"href":"https:\/\/dgepa.meci.pt\/en\/wp-json\/wp\/v2\/types\/page"}],"author":[{"embeddable":true,"href":"https:\/\/dgepa.meci.pt\/en\/wp-json\/wp\/v2\/users\/3"}],"replies":[{"embeddable":true,"href":"https:\/\/dgepa.meci.pt\/en\/wp-json\/wp\/v2\/comments?post=3310"}],"version-history":[{"count":2,"href":"https:\/\/dgepa.meci.pt\/en\/wp-json\/wp\/v2\/pages\/3310\/revisions"}],"predecessor-version":[{"id":3375,"href":"https:\/\/dgepa.meci.pt\/en\/wp-json\/wp\/v2\/pages\/3310\/revisions\/3375"}],"wp:attachment":[{"href":"https:\/\/dgepa.meci.pt\/en\/wp-json\/wp\/v2\/media?parent=3310"}],"curies":[{"name":"wp","href":"https:\/\/api.w.org\/{rel}","templated":true}]}}