{"id":3324,"date":"2026-03-27T15:51:12","date_gmt":"2026-03-27T15:51:12","guid":{"rendered":"https:\/\/dgepa.meci.pt\/?page_id=3324"},"modified":"2026-03-27T15:51:16","modified_gmt":"2026-03-27T15:51:16","slug":"direcao-de-servicos-de-monitorizacao-e-avaliacao-de-politicas-publicas","status":"publish","type":"page","link":"https:\/\/dgepa.meci.pt\/en\/direcao-de-servicos-de-monitorizacao-e-avaliacao-de-politicas-publicas\/","title":{"rendered":"Dire\u00e7\u00e3o de Servi\u00e7os de Monitoriza\u00e7\u00e3o e Avalia\u00e7\u00e3o de Pol\u00edticas P\u00fablicas"},"content":{"rendered":"<section id=\"block_4b2df06f609666dff9a0eab9a20b9b29\" class=\"content-block b-text --bg-white --width-full\">\n\n\t\t\t<div class=\"c-section-intro --align-left\">\n\t<div class=\"container\">\n\t\t\t\t\t\t\t<h2 class=\"headline-1\">Dire\u00e7\u00e3o de Servi\u00e7os de Monitoriza\u00e7\u00e3o e Avalia\u00e7\u00e3o de Pol\u00edticas P\u00fablicas (DSMAPP)<\/h2>\t\t\t\t\t<\/div>\n<\/div>\n\n\t\t\t<div class=\"container\">\n\t\t\t\t\t\t\t\t\t\t\t\t\t\t\t\t\t<div class=\"c-wysiwyg\"><p>\u00c0 <strong>DSMAPP<\/strong>, compete:<\/p>\n<p>a) Acompanhar e monitorizar as medidas de pol\u00edtica p\u00fablica e instrumentos de planeamento do MECI, desenhando, implementando e atualizando sistemas de monitoriza\u00e7\u00e3o;<\/p>\n<p>b) Analisar e contribuir para propostas legislativas, no que se refere a processos ou modelos de monitoriza\u00e7\u00e3o, indicadores ou metas previstas nos mesmos;<\/p>\n<p>c) Prestar apoio t\u00e9cnico na defini\u00e7\u00e3o de pol\u00edticas p\u00fablicas, no que se refere \u00e0s suas componentes de defini\u00e7\u00e3o de objetivos, indicadores, metas e de mecanismos ou de modelos de acompanhamento;<\/p>\n<p>d) Propor m\u00e9tricas e indicadores estat\u00edsticos aos organismos do MECI para o planeamento, desenho e monitoriza\u00e7\u00e3o das pol\u00edticas p\u00fablicas do MECI, em articula\u00e7\u00e3o com a DSP4;<\/p>\n<p>e) Prestar apoio t\u00e9cnico ao longo de todo o ciclo da pol\u00edtica p\u00fablica por via da realiza\u00e7\u00e3o de estudos, da recolha e sistematiza\u00e7\u00e3o de informa\u00e7\u00e3o e evid\u00eancia adequadas, da an\u00e1lise preliminar de op\u00e7\u00f5es, da an\u00e1lise de articula\u00e7\u00e3o com outras medidas, da an\u00e1lise do impacto esperado e dos riscos;<\/p>\n<p>f) Elaborar, coordenar ou colaborar na avalia\u00e7\u00e3o de medidas de pol\u00edtica p\u00fablica ao longo do ciclo de pol\u00edtica p\u00fablica, designadamente avalia\u00e7\u00f5es antes, durante e ap\u00f3s a sua implementa\u00e7\u00e3o;<\/p>\n<p>g) Emitir recomenda\u00e7\u00f5es para o desenho, revis\u00e3o e melhoria de pol\u00edticas p\u00fablicas, com base na evid\u00eancia recolhida e nos resultados das avalia\u00e7\u00f5es realizadas;<\/p>\n<p>h) Elaborar pareceres ou notas sobre monitoriza\u00e7\u00e3o e avalia\u00e7\u00e3o de pol\u00edticas p\u00fablicas do MECI;<\/p>\n<p>i) Coordenar o desempenho das atividades da Unidade Portuguesa da Rede Eurydice, com o envolvimento t\u00e9cnico necess\u00e1rio dos servi\u00e7os competentes, no que respeita a indicadores estat\u00edsticos e aspetos t\u00e9cnicos relacionados;<\/p>\n<p>j) Garantir a observa\u00e7\u00e3o dos instrumentos definidos no quadro da Uni\u00e3o Europeia e pela Organiza\u00e7\u00e3o para a Coopera\u00e7\u00e3o e o Desenvolvimento Econ\u00f3mico (OCDE), com o envolvimento t\u00e9cnico necess\u00e1rio dos servi\u00e7os competentes, no que respeita a indicadores estat\u00edsticos e aspetos t\u00e9cnicos relacionados;<\/p>\n<p>k) Conceber e difundir guias metodol\u00f3gicos e instrumentos de monitoriza\u00e7\u00e3o e avalia\u00e7\u00e3o de pol\u00edticas p\u00fablicas desenvolvidas no \u00e2mbito do MECI;<\/p>\n<p>l) Contribuir para a elabora\u00e7\u00e3o dos instrumentos nacionais de planeamento estrat\u00e9gico do MECI, na sua \u00e1rea de compet\u00eancias, em articula\u00e7\u00e3o com a DSP4;<\/p>\n<p>m) Realizar an\u00e1lises comparativas de medidas de pol\u00edtica p\u00fablica na \u00e1rea de atua\u00e7\u00e3o do MECI com pol\u00edticas e pr\u00e1ticas desenvolvidas noutros pa\u00edses, identificando tend\u00eancias internacionais e boas pr\u00e1ticas que possam ser adaptadas ao contexto nacional, em articula\u00e7\u00e3o com as restantes entidades das \u00e1reas governativas da educa\u00e7\u00e3o, ensino superior, ci\u00eancia e inova\u00e7\u00e3o;<\/p>\n<p>n) Assegurar a sistematiza\u00e7\u00e3o, divulga\u00e7\u00e3o e comunica\u00e7\u00e3o acess\u00edvel dos resultados e estudos relativos \u00e0 monitoriza\u00e7\u00e3o e avalia\u00e7\u00e3o de pol\u00edticas p\u00fablicas, refor\u00e7ando a transpar\u00eancia, a presta\u00e7\u00e3o de contas e o apoio \u00e0 decis\u00e3o pol\u00edtica;<\/p>\n<p>o) Acompanhar os sistemas de monitoriza\u00e7\u00e3o na \u00e1rea de atua\u00e7\u00e3o do MECI de \u00f3rg\u00e3os internacionais multilaterais, posicionando a situa\u00e7\u00e3o nacional;<\/p>\n<p>p) Assegurar os conte\u00fados das a\u00e7\u00f5es de capacita\u00e7\u00e3o e desenvolvimento de compet\u00eancias, dirigidas aos organismos e servi\u00e7os do MECI, na \u00e1rea de atua\u00e7\u00e3o da DSMAPP;<\/p>\n<p>q) Assegurar a interlocu\u00e7\u00e3o, no plano t\u00e9cnico, com entidades nacionais e internacionais relevantes na \u00e1rea de atua\u00e7\u00e3o da DSMAPP;<\/p>\n<p>r) Articular tecnicamente com os organismos do MECI as atividades relevantes para a prossecu\u00e7\u00e3o das atribui\u00e7\u00f5es da DSMAPP;<\/p>\n<p>s) Recolher, junto de todos os organismos do MECI informa\u00e7\u00e3o qualitativa e quantitativa necess\u00e1ria para a monitoriza\u00e7\u00e3o e avalia\u00e7\u00e3o de medidas de pol\u00edtica p\u00fablica;<\/p>\n<p>t) Prestar apoio t\u00e9cnico no \u00e2mbito da sua \u00e1rea de atua\u00e7\u00e3o a outros servi\u00e7os e organismos do MECI, quando solicitado.<\/p>\n<\/div>\n\t\t\t\t\t\t\t\t\t\t\t<\/div>\n\n\t\t<\/section>","protected":false},"excerpt":{"rendered":"","protected":false},"author":3,"featured_media":0,"parent":0,"menu_order":0,"comment_status":"closed","ping_status":"closed","template":"","meta":{"_acf_changed":false,"footnotes":""},"class_list":["post-3324","page","type-page","status-publish","hentry"],"acf":[],"yoast_head":"<!-- This site is optimized with the Yoast SEO plugin v27.5 - https:\/\/yoast.com\/product\/yoast-seo-wordpress\/ -->\n<title>Dire\u00e7\u00e3o de Servi\u00e7os de Monitoriza\u00e7\u00e3o e Avalia\u00e7\u00e3o de Pol\u00edticas P\u00fablicas - DGEPA<\/title>\n<meta name=\"robots\" content=\"index, follow, max-snippet:-1, max-image-preview:large, max-video-preview:-1\" \/>\n<link rel=\"canonical\" href=\"https:\/\/dev.dgepa.meci.pt\/direcao-de-servicos-de-monitorizacao-e-avaliacao-de-politicas-publicas\/\" \/>\n<meta property=\"og:locale\" content=\"en_GB\" \/>\n<meta property=\"og:type\" content=\"article\" \/>\n<meta property=\"og:title\" content=\"Dire\u00e7\u00e3o de Servi\u00e7os de Monitoriza\u00e7\u00e3o e Avalia\u00e7\u00e3o de Pol\u00edticas P\u00fablicas - DGEPA\" \/>\n<meta property=\"og:url\" content=\"https:\/\/dev.dgepa.meci.pt\/direcao-de-servicos-de-monitorizacao-e-avaliacao-de-politicas-publicas\/\" \/>\n<meta property=\"og:site_name\" content=\"DGEPA\" \/>\n<meta property=\"article:modified_time\" content=\"2026-03-27T15:51:16+00:00\" \/>\n<meta name=\"twitter:card\" content=\"summary_large_image\" \/>\n<script type=\"application\/ld+json\" class=\"yoast-schema-graph\">{\"@context\":\"https:\\\/\\\/schema.org\",\"@graph\":[{\"@type\":\"WebPage\",\"@id\":\"https:\\\/\\\/dev.dgepa.meci.pt\\\/direcao-de-servicos-de-monitorizacao-e-avaliacao-de-politicas-publicas\\\/\",\"url\":\"https:\\\/\\\/dev.dgepa.meci.pt\\\/direcao-de-servicos-de-monitorizacao-e-avaliacao-de-politicas-publicas\\\/\",\"name\":\"Dire\u00e7\u00e3o de Servi\u00e7os de Monitoriza\u00e7\u00e3o e Avalia\u00e7\u00e3o de Pol\u00edticas P\u00fablicas - DGEPA\",\"isPartOf\":{\"@id\":\"https:\\\/\\\/dev.dgepa.meci.pt\\\/#website\"},\"datePublished\":\"2026-03-27T15:51:12+00:00\",\"dateModified\":\"2026-03-27T15:51:16+00:00\",\"breadcrumb\":{\"@id\":\"https:\\\/\\\/dev.dgepa.meci.pt\\\/direcao-de-servicos-de-monitorizacao-e-avaliacao-de-politicas-publicas\\\/#breadcrumb\"},\"inLanguage\":\"en-GB\",\"potentialAction\":[{\"@type\":\"ReadAction\",\"target\":[\"https:\\\/\\\/dev.dgepa.meci.pt\\\/direcao-de-servicos-de-monitorizacao-e-avaliacao-de-politicas-publicas\\\/\"]}]},{\"@type\":\"BreadcrumbList\",\"@id\":\"https:\\\/\\\/dev.dgepa.meci.pt\\\/direcao-de-servicos-de-monitorizacao-e-avaliacao-de-politicas-publicas\\\/#breadcrumb\",\"itemListElement\":[{\"@type\":\"ListItem\",\"position\":1,\"name\":\"Home\",\"item\":\"https:\\\/\\\/dev.dgepa.meci.pt\\\/\"},{\"@type\":\"ListItem\",\"position\":2,\"name\":\"Dire\u00e7\u00e3o de Servi\u00e7os de Monitoriza\u00e7\u00e3o e Avalia\u00e7\u00e3o de Pol\u00edticas P\u00fablicas\"}]},{\"@type\":\"WebSite\",\"@id\":\"https:\\\/\\\/dev.dgepa.meci.pt\\\/#website\",\"url\":\"https:\\\/\\\/dev.dgepa.meci.pt\\\/\",\"name\":\"DGEPA\",\"description\":\"Dire\u00e7\u00e3o-Geral de Estudos, Planeamento e Avalia\u00e7\u00e3o\",\"potentialAction\":[{\"@type\":\"SearchAction\",\"target\":{\"@type\":\"EntryPoint\",\"urlTemplate\":\"https:\\\/\\\/dev.dgepa.meci.pt\\\/?s={search_term_string}\"},\"query-input\":{\"@type\":\"PropertyValueSpecification\",\"valueRequired\":true,\"valueName\":\"search_term_string\"}}],\"inLanguage\":\"en-GB\"}]}<\/script>\n<!-- \/ Yoast SEO plugin. -->","yoast_head_json":{"title":"Dire\u00e7\u00e3o de Servi\u00e7os de Monitoriza\u00e7\u00e3o e Avalia\u00e7\u00e3o de Pol\u00edticas P\u00fablicas - DGEPA","robots":{"index":"index","follow":"follow","max-snippet":"max-snippet:-1","max-image-preview":"max-image-preview:large","max-video-preview":"max-video-preview:-1"},"canonical":"https:\/\/dev.dgepa.meci.pt\/direcao-de-servicos-de-monitorizacao-e-avaliacao-de-politicas-publicas\/","og_locale":"en_GB","og_type":"article","og_title":"Dire\u00e7\u00e3o de Servi\u00e7os de Monitoriza\u00e7\u00e3o e Avalia\u00e7\u00e3o de Pol\u00edticas P\u00fablicas - DGEPA","og_url":"https:\/\/dev.dgepa.meci.pt\/direcao-de-servicos-de-monitorizacao-e-avaliacao-de-politicas-publicas\/","og_site_name":"DGEPA","article_modified_time":"2026-03-27T15:51:16+00:00","twitter_card":"summary_large_image","schema":{"@context":"https:\/\/schema.org","@graph":[{"@type":"WebPage","@id":"https:\/\/dev.dgepa.meci.pt\/direcao-de-servicos-de-monitorizacao-e-avaliacao-de-politicas-publicas\/","url":"https:\/\/dev.dgepa.meci.pt\/direcao-de-servicos-de-monitorizacao-e-avaliacao-de-politicas-publicas\/","name":"Dire\u00e7\u00e3o de Servi\u00e7os de Monitoriza\u00e7\u00e3o e Avalia\u00e7\u00e3o de Pol\u00edticas P\u00fablicas - DGEPA","isPartOf":{"@id":"https:\/\/dev.dgepa.meci.pt\/#website"},"datePublished":"2026-03-27T15:51:12+00:00","dateModified":"2026-03-27T15:51:16+00:00","breadcrumb":{"@id":"https:\/\/dev.dgepa.meci.pt\/direcao-de-servicos-de-monitorizacao-e-avaliacao-de-politicas-publicas\/#breadcrumb"},"inLanguage":"en-GB","potentialAction":[{"@type":"ReadAction","target":["https:\/\/dev.dgepa.meci.pt\/direcao-de-servicos-de-monitorizacao-e-avaliacao-de-politicas-publicas\/"]}]},{"@type":"BreadcrumbList","@id":"https:\/\/dev.dgepa.meci.pt\/direcao-de-servicos-de-monitorizacao-e-avaliacao-de-politicas-publicas\/#breadcrumb","itemListElement":[{"@type":"ListItem","position":1,"name":"Home","item":"https:\/\/dev.dgepa.meci.pt\/"},{"@type":"ListItem","position":2,"name":"Dire\u00e7\u00e3o de Servi\u00e7os de Monitoriza\u00e7\u00e3o e Avalia\u00e7\u00e3o de Pol\u00edticas P\u00fablicas"}]},{"@type":"WebSite","@id":"https:\/\/dev.dgepa.meci.pt\/#website","url":"https:\/\/dev.dgepa.meci.pt\/","name":"DGEPA","description":"Directorate-General for Studies, Planning and Evaluation","potentialAction":[{"@type":"SearchAction","target":{"@type":"EntryPoint","urlTemplate":"https:\/\/dev.dgepa.meci.pt\/?s={search_term_string}"},"query-input":{"@type":"PropertyValueSpecification","valueRequired":true,"valueName":"search_term_string"}}],"inLanguage":"en-GB"}]}},"_links":{"self":[{"href":"https:\/\/dgepa.meci.pt\/en\/wp-json\/wp\/v2\/pages\/3324","targetHints":{"allow":["GET"]}}],"collection":[{"href":"https:\/\/dgepa.meci.pt\/en\/wp-json\/wp\/v2\/pages"}],"about":[{"href":"https:\/\/dgepa.meci.pt\/en\/wp-json\/wp\/v2\/types\/page"}],"author":[{"embeddable":true,"href":"https:\/\/dgepa.meci.pt\/en\/wp-json\/wp\/v2\/users\/3"}],"replies":[{"embeddable":true,"href":"https:\/\/dgepa.meci.pt\/en\/wp-json\/wp\/v2\/comments?post=3324"}],"version-history":[{"count":1,"href":"https:\/\/dgepa.meci.pt\/en\/wp-json\/wp\/v2\/pages\/3324\/revisions"}],"predecessor-version":[{"id":3325,"href":"https:\/\/dgepa.meci.pt\/en\/wp-json\/wp\/v2\/pages\/3324\/revisions\/3325"}],"wp:attachment":[{"href":"https:\/\/dgepa.meci.pt\/en\/wp-json\/wp\/v2\/media?parent=3324"}],"curies":[{"name":"wp","href":"https:\/\/api.w.org\/{rel}","templated":true}]}}