{"id":3326,"date":"2026-03-27T15:54:36","date_gmt":"2026-03-27T15:54:36","guid":{"rendered":"https:\/\/dgepa.meci.pt\/?page_id=3326"},"modified":"2026-03-27T15:54:47","modified_gmt":"2026-03-27T15:54:47","slug":"direcao-de-servicos-de-relacoes-internacionais","status":"publish","type":"page","link":"https:\/\/dgepa.meci.pt\/en\/direcao-de-servicos-de-relacoes-internacionais\/","title":{"rendered":"Dire\u00e7\u00e3o de Servi\u00e7os de Rela\u00e7\u00f5es Internacionais"},"content":{"rendered":"<section id=\"block_21ebd2ba58076415cc1cce604a130592\" class=\"content-block b-text --bg-white --width-full\">\n\n\t\t\t<div class=\"c-section-intro --align-left\">\n\t<div class=\"container\">\n\t\t\t\t\t\t\t<h2 class=\"headline-1\">Dire\u00e7\u00e3o de Servi\u00e7os de Rela\u00e7\u00f5es Internacionais (DSRI)<\/h2>\t\t\t\t\t<\/div>\n<\/div>\n\n\t\t\t<div class=\"container\">\n\t\t\t\t\t\t\t\t\t\t\t\t\t\t\t\t\t<div class=\"c-wysiwyg\"><p>\u00c0 <strong>DSRI<\/strong>, compete:<\/p>\n<p>a) Acompanhar os procedimentos associados ao processo legislativo europeu, contribuindo para a elabora\u00e7\u00e3o da posi\u00e7\u00e3o nacional, designadamente nos Conselhos da Uni\u00e3o Europeia;<\/p>\n<p>b) Apoiar, na vertente t\u00e9cnica e setorial, a prepara\u00e7\u00e3o dos Conselhos da Uni\u00e3o Europeia relevantes nas \u00e1reas governativas da educa\u00e7\u00e3o, ensino superior, ci\u00eancia e inova\u00e7\u00e3o;<\/p>\n<p>c) Apoiar a negocia\u00e7\u00e3o e reda\u00e7\u00e3o de instrumentos, iniciativas e atos normativos de direito internacional e de direito europeu, em coordena\u00e7\u00e3o com as entidades competentes do Minist\u00e9rio dos Neg\u00f3cios Estrangeiros;<\/p>\n<p>d) Assegurar a coordena\u00e7\u00e3o t\u00e9cnica das atividades de rela\u00e7\u00f5es internacionais, designadamente no estabelecimento de rela\u00e7\u00f5es de coopera\u00e7\u00e3o ou associa\u00e7\u00e3o dos organismos do MECI com outras entidades p\u00fablicas ou privadas estrangeiras, sem preju\u00edzo das atribui\u00e7\u00f5es conferidas por lei a outras entidades;<\/p>\n<p>e) Coordenar, no \u00e2mbito da \u00e1rea governativa da educa\u00e7\u00e3o, ci\u00eancia e inova\u00e7\u00e3o, as a\u00e7\u00f5es e as atividades inerentes \u00e0 participa\u00e7\u00e3o de Portugal como membro da Uni\u00e3o Europeia, garantindo a coer\u00eancia das interven\u00e7\u00f5es dos respetivos \u00f3rg\u00e3os, servi\u00e7os e organismos, em articula\u00e7\u00e3o com as entidades competentes do Minist\u00e9rio dos Neg\u00f3cios Estrangeiros;<\/p>\n<p>f) Coordenar, no \u00e2mbito da \u00e1rea governativa da educa\u00e7\u00e3o, ci\u00eancia e inova\u00e7\u00e3o, a coopera\u00e7\u00e3o de Portugal com os pa\u00edses de l\u00edngua oficial portuguesa, garantindo a coer\u00eancia das interven\u00e7\u00f5es dos respetivos \u00f3rg\u00e3os, servi\u00e7os e organismos, em articula\u00e7\u00e3o com as entidades competentes do Minist\u00e9rio dos Neg\u00f3cios Estrangeiros;<\/p>\n<p>g) Coordenar as atividades do MECI no que respeita \u00e0s rela\u00e7\u00f5es bilaterais e multilaterais, garantindo a coer\u00eancia das interven\u00e7\u00f5es dos respetivos \u00f3rg\u00e3os, servi\u00e7os e organismos;<\/p>\n<p>h) Coordenar e monitorizar a participa\u00e7\u00e3o nacional nas organiza\u00e7\u00f5es internacionais de que Portugal \u00e9 membro, no \u00e2mbito da \u00e1rea governativa da educa\u00e7\u00e3o, ci\u00eancia e inova\u00e7\u00e3o, em articula\u00e7\u00e3o com as entidades competentes do Minist\u00e9rio dos Neg\u00f3cios Estrangeiros;<\/p>\n<p>i) Assegurar a representa\u00e7\u00e3o a n\u00edvel t\u00e9cnico do MECI nas inst\u00e2ncias europeias, nas organiza\u00e7\u00f5es internacionais, ou nos organismos intergovernamentais de natureza t\u00e9cnica, em coordena\u00e7\u00e3o com as entidades competentes do Minist\u00e9rio dos Neg\u00f3cios Estrangeiros;<\/p>\n<p>j) Contribuir para a formula\u00e7\u00e3o das pol\u00edticas e estrat\u00e9gias relacionadas com a Uni\u00e3o Europeia e com a coopera\u00e7\u00e3o internacional, em articula\u00e7\u00e3o com a DSP4;<\/p>\n<p>k) Contribuir para a elabora\u00e7\u00e3o dos instrumentos nacionais de planeamento estrat\u00e9gico do MECI, na sua \u00e1rea de compet\u00eancias, em articula\u00e7\u00e3o com a DSP4;<\/p>\n<p>l) Prestar apoio aos membros do Governo do MECI e seus representantes no \u00e2mbito dos assuntos europeus e internacionais;<\/p>\n<p>m) Coordenar a articula\u00e7\u00e3o com as entidades competentes do Minist\u00e9rio dos Neg\u00f3cios Estrangeiros, no \u00e2mbito das suas compet\u00eancias.<\/p>\n<\/div>\n\t\t\t\t\t\t\t\t\t\t\t<\/div>\n\n\t\t<\/section>","protected":false},"excerpt":{"rendered":"","protected":false},"author":3,"featured_media":0,"parent":0,"menu_order":0,"comment_status":"closed","ping_status":"closed","template":"","meta":{"_acf_changed":false,"footnotes":""},"class_list":["post-3326","page","type-page","status-publish","hentry"],"acf":[],"yoast_head":"<!-- This site is optimized with the Yoast SEO plugin v27.5 - https:\/\/yoast.com\/product\/yoast-seo-wordpress\/ -->\n<title>Dire\u00e7\u00e3o de Servi\u00e7os de Rela\u00e7\u00f5es Internacionais - DGEPA<\/title>\n<meta name=\"robots\" content=\"index, follow, max-snippet:-1, max-image-preview:large, max-video-preview:-1\" \/>\n<link rel=\"canonical\" href=\"https:\/\/dev.dgepa.meci.pt\/direcao-de-servicos-de-relacoes-internacionais\/\" \/>\n<meta property=\"og:locale\" content=\"en_GB\" \/>\n<meta property=\"og:type\" content=\"article\" \/>\n<meta property=\"og:title\" content=\"Dire\u00e7\u00e3o de Servi\u00e7os de Rela\u00e7\u00f5es Internacionais - DGEPA\" \/>\n<meta property=\"og:url\" content=\"https:\/\/dev.dgepa.meci.pt\/direcao-de-servicos-de-relacoes-internacionais\/\" \/>\n<meta property=\"og:site_name\" content=\"DGEPA\" \/>\n<meta property=\"article:modified_time\" content=\"2026-03-27T15:54:47+00:00\" \/>\n<meta name=\"twitter:card\" content=\"summary_large_image\" \/>\n<script type=\"application\/ld+json\" class=\"yoast-schema-graph\">{\"@context\":\"https:\\\/\\\/schema.org\",\"@graph\":[{\"@type\":\"WebPage\",\"@id\":\"https:\\\/\\\/dev.dgepa.meci.pt\\\/direcao-de-servicos-de-relacoes-internacionais\\\/\",\"url\":\"https:\\\/\\\/dev.dgepa.meci.pt\\\/direcao-de-servicos-de-relacoes-internacionais\\\/\",\"name\":\"Dire\u00e7\u00e3o de Servi\u00e7os de Rela\u00e7\u00f5es Internacionais - DGEPA\",\"isPartOf\":{\"@id\":\"https:\\\/\\\/dev.dgepa.meci.pt\\\/#website\"},\"datePublished\":\"2026-03-27T15:54:36+00:00\",\"dateModified\":\"2026-03-27T15:54:47+00:00\",\"breadcrumb\":{\"@id\":\"https:\\\/\\\/dev.dgepa.meci.pt\\\/direcao-de-servicos-de-relacoes-internacionais\\\/#breadcrumb\"},\"inLanguage\":\"en-GB\",\"potentialAction\":[{\"@type\":\"ReadAction\",\"target\":[\"https:\\\/\\\/dev.dgepa.meci.pt\\\/direcao-de-servicos-de-relacoes-internacionais\\\/\"]}]},{\"@type\":\"BreadcrumbList\",\"@id\":\"https:\\\/\\\/dev.dgepa.meci.pt\\\/direcao-de-servicos-de-relacoes-internacionais\\\/#breadcrumb\",\"itemListElement\":[{\"@type\":\"ListItem\",\"position\":1,\"name\":\"Home\",\"item\":\"https:\\\/\\\/dev.dgepa.meci.pt\\\/\"},{\"@type\":\"ListItem\",\"position\":2,\"name\":\"Dire\u00e7\u00e3o de Servi\u00e7os de Rela\u00e7\u00f5es Internacionais\"}]},{\"@type\":\"WebSite\",\"@id\":\"https:\\\/\\\/dev.dgepa.meci.pt\\\/#website\",\"url\":\"https:\\\/\\\/dev.dgepa.meci.pt\\\/\",\"name\":\"DGEPA\",\"description\":\"Dire\u00e7\u00e3o-Geral de Estudos, Planeamento e Avalia\u00e7\u00e3o\",\"potentialAction\":[{\"@type\":\"SearchAction\",\"target\":{\"@type\":\"EntryPoint\",\"urlTemplate\":\"https:\\\/\\\/dev.dgepa.meci.pt\\\/?s={search_term_string}\"},\"query-input\":{\"@type\":\"PropertyValueSpecification\",\"valueRequired\":true,\"valueName\":\"search_term_string\"}}],\"inLanguage\":\"en-GB\"}]}<\/script>\n<!-- \/ Yoast SEO plugin. -->","yoast_head_json":{"title":"Dire\u00e7\u00e3o de Servi\u00e7os de Rela\u00e7\u00f5es Internacionais - DGEPA","robots":{"index":"index","follow":"follow","max-snippet":"max-snippet:-1","max-image-preview":"max-image-preview:large","max-video-preview":"max-video-preview:-1"},"canonical":"https:\/\/dev.dgepa.meci.pt\/direcao-de-servicos-de-relacoes-internacionais\/","og_locale":"en_GB","og_type":"article","og_title":"Dire\u00e7\u00e3o de Servi\u00e7os de Rela\u00e7\u00f5es Internacionais - DGEPA","og_url":"https:\/\/dev.dgepa.meci.pt\/direcao-de-servicos-de-relacoes-internacionais\/","og_site_name":"DGEPA","article_modified_time":"2026-03-27T15:54:47+00:00","twitter_card":"summary_large_image","schema":{"@context":"https:\/\/schema.org","@graph":[{"@type":"WebPage","@id":"https:\/\/dev.dgepa.meci.pt\/direcao-de-servicos-de-relacoes-internacionais\/","url":"https:\/\/dev.dgepa.meci.pt\/direcao-de-servicos-de-relacoes-internacionais\/","name":"Dire\u00e7\u00e3o de Servi\u00e7os de Rela\u00e7\u00f5es Internacionais - DGEPA","isPartOf":{"@id":"https:\/\/dev.dgepa.meci.pt\/#website"},"datePublished":"2026-03-27T15:54:36+00:00","dateModified":"2026-03-27T15:54:47+00:00","breadcrumb":{"@id":"https:\/\/dev.dgepa.meci.pt\/direcao-de-servicos-de-relacoes-internacionais\/#breadcrumb"},"inLanguage":"en-GB","potentialAction":[{"@type":"ReadAction","target":["https:\/\/dev.dgepa.meci.pt\/direcao-de-servicos-de-relacoes-internacionais\/"]}]},{"@type":"BreadcrumbList","@id":"https:\/\/dev.dgepa.meci.pt\/direcao-de-servicos-de-relacoes-internacionais\/#breadcrumb","itemListElement":[{"@type":"ListItem","position":1,"name":"Home","item":"https:\/\/dev.dgepa.meci.pt\/"},{"@type":"ListItem","position":2,"name":"Dire\u00e7\u00e3o de Servi\u00e7os de Rela\u00e7\u00f5es Internacionais"}]},{"@type":"WebSite","@id":"https:\/\/dev.dgepa.meci.pt\/#website","url":"https:\/\/dev.dgepa.meci.pt\/","name":"DGEPA","description":"Directorate-General for Studies, Planning and Evaluation","potentialAction":[{"@type":"SearchAction","target":{"@type":"EntryPoint","urlTemplate":"https:\/\/dev.dgepa.meci.pt\/?s={search_term_string}"},"query-input":{"@type":"PropertyValueSpecification","valueRequired":true,"valueName":"search_term_string"}}],"inLanguage":"en-GB"}]}},"_links":{"self":[{"href":"https:\/\/dgepa.meci.pt\/en\/wp-json\/wp\/v2\/pages\/3326","targetHints":{"allow":["GET"]}}],"collection":[{"href":"https:\/\/dgepa.meci.pt\/en\/wp-json\/wp\/v2\/pages"}],"about":[{"href":"https:\/\/dgepa.meci.pt\/en\/wp-json\/wp\/v2\/types\/page"}],"author":[{"embeddable":true,"href":"https:\/\/dgepa.meci.pt\/en\/wp-json\/wp\/v2\/users\/3"}],"replies":[{"embeddable":true,"href":"https:\/\/dgepa.meci.pt\/en\/wp-json\/wp\/v2\/comments?post=3326"}],"version-history":[{"count":1,"href":"https:\/\/dgepa.meci.pt\/en\/wp-json\/wp\/v2\/pages\/3326\/revisions"}],"predecessor-version":[{"id":3327,"href":"https:\/\/dgepa.meci.pt\/en\/wp-json\/wp\/v2\/pages\/3326\/revisions\/3327"}],"wp:attachment":[{"href":"https:\/\/dgepa.meci.pt\/en\/wp-json\/wp\/v2\/media?parent=3326"}],"curies":[{"name":"wp","href":"https:\/\/api.w.org\/{rel}","templated":true}]}}