{"id":3328,"date":"2026-03-27T15:56:17","date_gmt":"2026-03-27T15:56:17","guid":{"rendered":"https:\/\/dgepa.meci.pt\/?page_id=3328"},"modified":"2026-03-27T15:56:22","modified_gmt":"2026-03-27T15:56:22","slug":"direcao-de-servicos-de-administracao-e-gestao","status":"publish","type":"page","link":"https:\/\/dgepa.meci.pt\/en\/direcao-de-servicos-de-administracao-e-gestao\/","title":{"rendered":"Dire\u00e7\u00e3o de Servi\u00e7os de Administra\u00e7\u00e3o e Gest\u00e3o"},"content":{"rendered":"<section id=\"block_993f752bcd6f1dadfccc671ef68c7174\" class=\"content-block b-text --bg-white --width-full\">\n\n\t\t\t<div class=\"c-section-intro --align-left\">\n\t<div class=\"container\">\n\t\t\t\t\t\t\t<h2 class=\"headline-1\">Dire\u00e7\u00e3o de Servi\u00e7os de Administra\u00e7\u00e3o e Gest\u00e3o (DSAG)<\/h2>\t\t\t\t\t<\/div>\n<\/div>\n\n\t\t\t<div class=\"container\">\n\t\t\t\t\t\t\t\t\t\t\t\t\t\t\t\t\t<div class=\"c-wysiwyg\"><p>\u00c0 <strong>DSAG<\/strong>, compete:<\/p>\n<p>a) Prestar apoio em mat\u00e9rias de planeamento interno, de gest\u00e3o, de controlo interno, de recursos humanos e jur\u00eddicas e na implementa\u00e7\u00e3o de uma pol\u00edtica interna de qualidade;<\/p>\n<p>b) Assegurar a coordena\u00e7\u00e3o e manuten\u00e7\u00e3o do sistema integrado de gest\u00e3o da DGEPA, designadamente na defini\u00e7\u00e3o e manuten\u00e7\u00e3o de manuais de gest\u00e3o, procedimentos, objetivos, indicadores, metas e sistemas de monitoriza\u00e7\u00e3o e avalia\u00e7\u00e3o operacional;<\/p>\n<p>c) Promover a melhoria cont\u00ednua e a moderniza\u00e7\u00e3o organizacional da DGEPA, atrav\u00e9s da monitoriza\u00e7\u00e3o sistem\u00e1tica e permanente do funcionamento interno, assegurando a identifica\u00e7\u00e3o de inefici\u00eancias e a implementa\u00e7\u00e3o de medidas de simplifica\u00e7\u00e3o e reengenharia de processos, com vista ao aumento da efic\u00e1cia e da qualidade dos servi\u00e7os;<\/p>\n<p>d) Assegurar a implementa\u00e7\u00e3o, controlo e avalia\u00e7\u00e3o de medidas relativas \u00e0 prote\u00e7\u00e3o e salvaguarda de dados pessoais e ao cumprimento de normas ambientais e de seguran\u00e7a e de sa\u00fade no trabalho na DGEPA;<\/p>\n<p>e) Assegurar a gest\u00e3o documental, a preserva\u00e7\u00e3o e seguran\u00e7a da informa\u00e7\u00e3o e a observ\u00e2ncia das normas aplic\u00e1veis em mat\u00e9ria de transpar\u00eancia e confidencialidade;<\/p>\n<p>f) Exercer as fun\u00e7\u00f5es de coordena\u00e7\u00e3o em mat\u00e9ria de avalia\u00e7\u00e3o de desempenho e promover o alinhamento e a articula\u00e7\u00e3o dos instrumentos de gest\u00e3o n\u00e3o financeiros dos servi\u00e7os e organismos do MECI;<\/p>\n<p>g) Conceber e difundir guias metodol\u00f3gicos e instrumentos de monitoriza\u00e7\u00e3o e avalia\u00e7\u00e3o da implementa\u00e7\u00e3o do SIADAP 1, no \u00e2mbito do MECI;<\/p>\n<p>h) Assegurar o processo de avalia\u00e7\u00e3o do desempenho ao n\u00edvel do SIADAP 1 da DGEPA, atrav\u00e9s da defini\u00e7\u00e3o de objetivos, indicadores e metas, da elabora\u00e7\u00e3o dos Quadros de Avalia\u00e7\u00e3o e Responsabiliza\u00e7\u00e3o (QUAR) e dos planos de atividades, bem como dos relat\u00f3rios de atividades, de autoavalia\u00e7\u00e3o e do balan\u00e7o social da DGEPA;<\/p>\n<p>i) Proceder \u00e0 elabora\u00e7\u00e3o, \u00e0 monitoriza\u00e7\u00e3o, gest\u00e3o e execu\u00e7\u00e3o do or\u00e7amento da DGEPA, elaborando a respetiva conta de ger\u00eancia;<\/p>\n<p>j) Garantir a rigorosa execu\u00e7\u00e3o do or\u00e7amento e elaborar relat\u00f3rios peri\u00f3dicos de controlo or\u00e7amental e da proposta das medidas necess\u00e1rias \u00e0 corre\u00e7\u00e3o de eventuais desvios detetados;<\/p>\n<p>k) Assegurar a gest\u00e3o dos recursos humanos e propor e gerir o plano de forma\u00e7\u00e3o profissional dos trabalhadores da DGEPA;<\/p>\n<p>l) Assegurar a gest\u00e3o e manuten\u00e7\u00e3o do sistema de preven\u00e7\u00e3o, controlo e mitiga\u00e7\u00e3o de riscos para a realiza\u00e7\u00e3o dos objetivos definidos para a DGEPA;<\/p>\n<p>m) Gerir os processos de aprovisionamento e de aquisi\u00e7\u00e3o de bens e servi\u00e7os, designadamente de contrata\u00e7\u00e3o p\u00fablica, necess\u00e1rios ao funcionamento da DGEPA; n) Desenvolver e implementar instrumentos de comunica\u00e7\u00e3o interna e externa que assegurem a difus\u00e3o eficaz de informa\u00e7\u00e3o, a articula\u00e7\u00e3o entre servi\u00e7os e a valoriza\u00e7\u00e3o da imagem institucional da DGEPA;<\/p>\n<p>o) Praticar os demais atos de gest\u00e3o decorrentes da aplica\u00e7\u00e3o dos estatutos e necess\u00e1rios ao bom funcionamento dos servi\u00e7os;<\/p>\n<p>p) Assegurar outras atividades que lhe sejam cometidas por determina\u00e7\u00e3o superior.<\/p>\n<\/div>\n\t\t\t\t\t\t\t\t\t\t\t<\/div>\n\n\t\t<\/section>","protected":false},"excerpt":{"rendered":"","protected":false},"author":3,"featured_media":0,"parent":0,"menu_order":0,"comment_status":"closed","ping_status":"closed","template":"","meta":{"_acf_changed":false,"footnotes":""},"class_list":["post-3328","page","type-page","status-publish","hentry"],"acf":[],"yoast_head":"<!-- This site is optimized with the Yoast SEO plugin v27.5 - https:\/\/yoast.com\/product\/yoast-seo-wordpress\/ -->\n<title>Dire\u00e7\u00e3o de Servi\u00e7os de Administra\u00e7\u00e3o e Gest\u00e3o - DGEPA<\/title>\n<meta name=\"robots\" content=\"index, follow, max-snippet:-1, max-image-preview:large, max-video-preview:-1\" \/>\n<link rel=\"canonical\" href=\"https:\/\/dev.dgepa.meci.pt\/direcao-de-servicos-de-administracao-e-gestao\/\" \/>\n<meta property=\"og:locale\" content=\"en_GB\" \/>\n<meta property=\"og:type\" content=\"article\" \/>\n<meta property=\"og:title\" content=\"Dire\u00e7\u00e3o de Servi\u00e7os de Administra\u00e7\u00e3o e Gest\u00e3o - DGEPA\" \/>\n<meta property=\"og:url\" content=\"https:\/\/dev.dgepa.meci.pt\/direcao-de-servicos-de-administracao-e-gestao\/\" \/>\n<meta property=\"og:site_name\" content=\"DGEPA\" \/>\n<meta property=\"article:modified_time\" content=\"2026-03-27T15:56:22+00:00\" \/>\n<meta name=\"twitter:card\" content=\"summary_large_image\" \/>\n<script type=\"application\/ld+json\" class=\"yoast-schema-graph\">{\"@context\":\"https:\\\/\\\/schema.org\",\"@graph\":[{\"@type\":\"WebPage\",\"@id\":\"https:\\\/\\\/dev.dgepa.meci.pt\\\/direcao-de-servicos-de-administracao-e-gestao\\\/\",\"url\":\"https:\\\/\\\/dev.dgepa.meci.pt\\\/direcao-de-servicos-de-administracao-e-gestao\\\/\",\"name\":\"Dire\u00e7\u00e3o de Servi\u00e7os de Administra\u00e7\u00e3o e Gest\u00e3o - DGEPA\",\"isPartOf\":{\"@id\":\"https:\\\/\\\/dev.dgepa.meci.pt\\\/#website\"},\"datePublished\":\"2026-03-27T15:56:17+00:00\",\"dateModified\":\"2026-03-27T15:56:22+00:00\",\"breadcrumb\":{\"@id\":\"https:\\\/\\\/dev.dgepa.meci.pt\\\/direcao-de-servicos-de-administracao-e-gestao\\\/#breadcrumb\"},\"inLanguage\":\"en-GB\",\"potentialAction\":[{\"@type\":\"ReadAction\",\"target\":[\"https:\\\/\\\/dev.dgepa.meci.pt\\\/direcao-de-servicos-de-administracao-e-gestao\\\/\"]}]},{\"@type\":\"BreadcrumbList\",\"@id\":\"https:\\\/\\\/dev.dgepa.meci.pt\\\/direcao-de-servicos-de-administracao-e-gestao\\\/#breadcrumb\",\"itemListElement\":[{\"@type\":\"ListItem\",\"position\":1,\"name\":\"Home\",\"item\":\"https:\\\/\\\/dev.dgepa.meci.pt\\\/\"},{\"@type\":\"ListItem\",\"position\":2,\"name\":\"Dire\u00e7\u00e3o de Servi\u00e7os de Administra\u00e7\u00e3o e Gest\u00e3o\"}]},{\"@type\":\"WebSite\",\"@id\":\"https:\\\/\\\/dev.dgepa.meci.pt\\\/#website\",\"url\":\"https:\\\/\\\/dev.dgepa.meci.pt\\\/\",\"name\":\"DGEPA\",\"description\":\"Dire\u00e7\u00e3o-Geral de Estudos, Planeamento e Avalia\u00e7\u00e3o\",\"potentialAction\":[{\"@type\":\"SearchAction\",\"target\":{\"@type\":\"EntryPoint\",\"urlTemplate\":\"https:\\\/\\\/dev.dgepa.meci.pt\\\/?s={search_term_string}\"},\"query-input\":{\"@type\":\"PropertyValueSpecification\",\"valueRequired\":true,\"valueName\":\"search_term_string\"}}],\"inLanguage\":\"en-GB\"}]}<\/script>\n<!-- \/ Yoast SEO plugin. -->","yoast_head_json":{"title":"Dire\u00e7\u00e3o de Servi\u00e7os de Administra\u00e7\u00e3o e Gest\u00e3o - DGEPA","robots":{"index":"index","follow":"follow","max-snippet":"max-snippet:-1","max-image-preview":"max-image-preview:large","max-video-preview":"max-video-preview:-1"},"canonical":"https:\/\/dev.dgepa.meci.pt\/direcao-de-servicos-de-administracao-e-gestao\/","og_locale":"en_GB","og_type":"article","og_title":"Dire\u00e7\u00e3o de Servi\u00e7os de Administra\u00e7\u00e3o e Gest\u00e3o - DGEPA","og_url":"https:\/\/dev.dgepa.meci.pt\/direcao-de-servicos-de-administracao-e-gestao\/","og_site_name":"DGEPA","article_modified_time":"2026-03-27T15:56:22+00:00","twitter_card":"summary_large_image","schema":{"@context":"https:\/\/schema.org","@graph":[{"@type":"WebPage","@id":"https:\/\/dev.dgepa.meci.pt\/direcao-de-servicos-de-administracao-e-gestao\/","url":"https:\/\/dev.dgepa.meci.pt\/direcao-de-servicos-de-administracao-e-gestao\/","name":"Dire\u00e7\u00e3o de Servi\u00e7os de Administra\u00e7\u00e3o e Gest\u00e3o - DGEPA","isPartOf":{"@id":"https:\/\/dev.dgepa.meci.pt\/#website"},"datePublished":"2026-03-27T15:56:17+00:00","dateModified":"2026-03-27T15:56:22+00:00","breadcrumb":{"@id":"https:\/\/dev.dgepa.meci.pt\/direcao-de-servicos-de-administracao-e-gestao\/#breadcrumb"},"inLanguage":"en-GB","potentialAction":[{"@type":"ReadAction","target":["https:\/\/dev.dgepa.meci.pt\/direcao-de-servicos-de-administracao-e-gestao\/"]}]},{"@type":"BreadcrumbList","@id":"https:\/\/dev.dgepa.meci.pt\/direcao-de-servicos-de-administracao-e-gestao\/#breadcrumb","itemListElement":[{"@type":"ListItem","position":1,"name":"Home","item":"https:\/\/dev.dgepa.meci.pt\/"},{"@type":"ListItem","position":2,"name":"Dire\u00e7\u00e3o de Servi\u00e7os de Administra\u00e7\u00e3o e Gest\u00e3o"}]},{"@type":"WebSite","@id":"https:\/\/dev.dgepa.meci.pt\/#website","url":"https:\/\/dev.dgepa.meci.pt\/","name":"DGEPA","description":"Directorate-General for Studies, Planning and Evaluation","potentialAction":[{"@type":"SearchAction","target":{"@type":"EntryPoint","urlTemplate":"https:\/\/dev.dgepa.meci.pt\/?s={search_term_string}"},"query-input":{"@type":"PropertyValueSpecification","valueRequired":true,"valueName":"search_term_string"}}],"inLanguage":"en-GB"}]}},"_links":{"self":[{"href":"https:\/\/dgepa.meci.pt\/en\/wp-json\/wp\/v2\/pages\/3328","targetHints":{"allow":["GET"]}}],"collection":[{"href":"https:\/\/dgepa.meci.pt\/en\/wp-json\/wp\/v2\/pages"}],"about":[{"href":"https:\/\/dgepa.meci.pt\/en\/wp-json\/wp\/v2\/types\/page"}],"author":[{"embeddable":true,"href":"https:\/\/dgepa.meci.pt\/en\/wp-json\/wp\/v2\/users\/3"}],"replies":[{"embeddable":true,"href":"https:\/\/dgepa.meci.pt\/en\/wp-json\/wp\/v2\/comments?post=3328"}],"version-history":[{"count":1,"href":"https:\/\/dgepa.meci.pt\/en\/wp-json\/wp\/v2\/pages\/3328\/revisions"}],"predecessor-version":[{"id":3329,"href":"https:\/\/dgepa.meci.pt\/en\/wp-json\/wp\/v2\/pages\/3328\/revisions\/3329"}],"wp:attachment":[{"href":"https:\/\/dgepa.meci.pt\/en\/wp-json\/wp\/v2\/media?parent=3328"}],"curies":[{"name":"wp","href":"https:\/\/api.w.org\/{rel}","templated":true}]}}