{"id":931,"date":"2025-10-13T21:26:01","date_gmt":"2025-10-13T21:26:01","guid":{"rendered":"https:\/\/dgepa.meci.pt\/?page_id=931"},"modified":"2026-04-21T08:36:29","modified_gmt":"2026-04-21T08:36:29","slug":"politica-de-cookies","status":"publish","type":"page","link":"https:\/\/dgepa.meci.pt\/en\/politica-de-cookies\/","title":{"rendered":"Cookie Policy"},"content":{"rendered":"<section id=\"block_78beab938c1b00f9648e820f6965cb3d\" class=\"content-block b-page-header --align-left --bg-gray --color-black\">\n\t\t\t\t\t\t<div class=\"container\">\n\t\t\t\t<div class=\"info\">\n\t\t\t\t\t\t\t\t\t\t\t\t\t\t\t\t<h1 class=\"title\">Cookie Policy<\/h1>\t\t\t\t\t\t\t\t\t\t\t\t\t\t\t\t<div class=\"c-description\"><ol>\n<li><a href=\"#o-que-sao-cookies\">What are cookies?<\/a><\/li>\n<li><a href=\"#Para-que-e-que-sao-utilizados-os-cookies\">What are cookies used for?<\/a><\/li>\n<li><a href=\"#cookies-utilizados-neste-website\">Cookies used on this website<\/a><\/li>\n<li><a href=\"#como-gerir-as-preferencias-de-cookies\">How do I manage my cookie preferences?<\/a><\/li>\n<li><a href=\"#atualizacoes-a-politica-de-cookies\">Updates to the cookie policy<\/a><\/li>\n<\/ol>\n<\/div>\n\t\t\t\t\t\t\t\t\t\t\t\t\t\t<\/div>\n\t\t\t\t\t\t\t<\/div>\n\n\t\t<\/section>\n\t\n\n\n\t\t\t\t<section id=\"block_515fcf8c934410e58d2b92d1e66d50c8\" class=\"content-block b-text --bg-white --width-normal\">\n\n\t\t\t\n\t\t\t<div class=\"container\">\n\t\t\t\t\t\t\t\t\t\t\t\t\t\t\t\t\t<div class=\"c-wysiwyg\"><p>O website dispon\u00edvel em https:\/\/dgepa.meci.pt\/ \u00e9 propriedade da DGEPA, pessoa coletiva n.\u00ba 600088227, com sede na Avenida 24 de Julho, n.\u00ba 134, em Lisboa, que \u00e9 a entidade respons\u00e1vel pelo tratamento dos dados pessoais neste website.<\/p>\n<p>This website uses cookies to improve your browsing experience, making it more efficient, secure, and personalized. This Cookie Policy aims to clarify, in a transparent way, what types of cookies are used and for what purposes.<\/p>\n<p>A DGEPA \u00e9 a entidade respons\u00e1vel pelo tratamento dos dados pessoais recolhidos atrav\u00e9s deste website. Para saber mais sobre como esses dados s\u00e3o tratados, consulte a nossa <a href=\"https:\/\/dgepa.meci.pt\/en\/politica-de-privacidade\/\"><strong>Privacy Policy<\/strong><\/a>.<\/p>\n<h2 id=\"o-que-sao-cookies\">1. What are cookies?<\/h2>\n<p>Cookies s\u00e3o pequenos ficheiros de texto que s\u00e3o guardados no dispositivo do utilizador quando visita um website. Estes ficheiros recolhem informa\u00e7\u00f5es que ajudam a tornar a navega\u00e7\u00e3o mais f\u00e1cil e agrad\u00e1vel. Os cookies podem ser classificados como pr\u00f3prios, quando s\u00e3o enviados pela DGEPA, ou de terceiros, quando prov\u00eam de outras entidades.<\/p>\n<p>Tamb\u00e9m podem ser cookies de sess\u00e3o, que desaparecem quando o navegador \u00e9 fechado, ou persistentes, que permanecem no dispositivo por um per\u00edodo mais longo.<\/p>\n<h2 id=\"Para-que-e-que-sao-utilizados-os-cookies\">2. What are cookies used for?<\/h2>\n<p><strong>Required Cookies: <\/strong>They ensure the basic functioning of the website, allowing, for example, navigation between pages.<\/p>\n<p><strong>Analytical Cookies: <\/strong>They collect information about website usage, identifying the most visited pages and any errors, in order to improve performance.<\/p>\n<p><strong>Functional Cookies: <\/strong>They store user preferences, such as language, location, or display settings, offering a personalized experience.<\/p>\n<p><strong>Advertising Cookies: <\/strong>They allow you to display ads tailored to the user&#039;s interests, based on their browsing behavior across various websites.<\/p>\n<h2 id=\"cookies-utilizados-neste-website\">3. Cookies used on this website<\/h2>\n<h3><strong>Essentials<\/strong><\/h3>\n<p>Strictly necessary\/technical cookies: These are essential cookies because they ensure website navigation and the use of its functionalities, including recording whether or not the user has authorized the use of cookies by the website. This type of cookie does not require the user&#039;s prior consent for its storage.<\/p>\n<p>Data retention period for data collected in this context: <strong>one year after collection<\/strong>.<\/p>\n<h3><strong>Funcionais \/ Desempenho<\/strong><\/h3>\n<p>Cookies funcionais\/de personaliza\u00e7\u00e3o: s\u00e3o cookies que permitem aos websites recordar informa\u00e7\u00e3o sobre as escolhas feitas pelo utilizador, tais como o idioma, a regi\u00e3o de onde acede, e personaliza\u00e7\u00e3o por parte do utilizador da experi\u00eancia de navega\u00e7\u00e3o dos websites. \u00a0Estes cookies perdem a validade no final da sess\u00e3o do utilizador (por exemplo, quando o utilizador fecha a janela do browser) ou poder\u00e3o manter-se durante mais tempo para memorizar as prefer\u00eancias do utilizador e escolhas no website no caso de serem aceites.<\/p>\n<p>Data retention period for data collected in this context:\u00a0<strong>one year after collection<\/strong>.<\/p>\n<h3><strong>Analytical cookies<\/strong><\/h3>\n<p>These cookies are used to analyze how users use a website and to monitor its performance, for example, which pages have the highest volume of visits or if any error messages are returned to the user. This allows us to provide a high-quality experience by personalizing the offer and quickly identifying and correcting any problems that arise. These cookies are used for continuous improvement and statistical analysis purposes.<\/p>\n<p>Para recolher este tipo de cookies, a DGEPA utiliza a ferramenta de an\u00e1lise Google Analytics e respetivos cookies. Para mais informa\u00e7\u00f5es a recolha de dados pessoais mediante a utiliza\u00e7\u00e3o desta ferramenta, poder\u00e1 consultar a Pol\u00edtica de Privacidade da Google Analytics.<\/p>\n<p>Data retention period for data collected in this context:\u00a0<strong>two years after collection<\/strong>.<\/p>\n<h2 id=\"como-gerir-as-preferencias-de-cookies\">4. How do I manage my cookie preferences?<\/h2>\n<p><strong>No Website:<\/strong> Cookies may collect personal data during browsing, including browsing and tracking information. Except for essential cookies, which are stored automatically because they are indispensable for the Website&#039;s operation, the storage of other cookies only occurs with the user&#039;s prior consent.<\/p>\n<p>By clicking on <strong>\u201c&quot;I accept them all&quot;\u201d<\/strong>, By doing so, the user authorizes the collection of data through all cookies used by the Website.<\/p>\n<p>By clicking on <strong>\u201c&quot;Reject them all&quot;\u201d<\/strong>, By doing so, the user does not consent to the collection of data through non-essential cookies, which may limit some functionalities of the website.<\/p>\n<p>By selecting the categories of cookies you wish to allow and clicking on \u201c<strong>Store and close<\/strong>\u201dBy doing so, the user only consents to the storage of the cookies they have chosen, according to their preferences.<\/p>\n<p><strong>In the browser: <\/strong>Cookie preferences can be reviewed and changed at any time through the <strong>Cookie settings.<\/strong><\/p>\n<p><strong>With extension (add-on to disable Google Analytics): <\/strong>Available as an extension (add-on) to disable Google Analytics in Google Chrome, Mozilla Firefox, Apple Safari, and Microsoft Edge browsers. You can install this <a href=\"https:\/\/tools.google.com\/dlpage\/gaoptout\">add-on<\/a> to block data collection by Google Analytics while you browse.<\/p>\n<h2 id=\"atualizacoes-a-politica-de-cookies\">5. Updates to the cookie policy<\/h2>\n<p>A DGEPA pode atualizar esta Pol\u00edtica de Cookies, com as altera\u00e7\u00f5es devidamente divulgadas. Recomenda-se que a pessoa utilizadora reveja periodicamente a pol\u00edtica para estar informada sobre eventuais mudan\u00e7as.<\/p>\n<\/div>\n\t\t\t\t\t\t\t\t\t\t\t<\/div>\n\n\t\t<\/section>","protected":false},"excerpt":{"rendered":"","protected":false},"author":2,"featured_media":0,"parent":0,"menu_order":0,"comment_status":"closed","ping_status":"closed","template":"","meta":{"_acf_changed":false,"footnotes":""},"class_list":["post-931","page","type-page","status-publish","hentry"],"acf":[],"yoast_head":"<!-- This site is optimized with the Yoast SEO plugin v27.5 - https:\/\/yoast.com\/product\/yoast-seo-wordpress\/ -->\n<title>Pol\u00edtica de Cookies - DGEPA<\/title>\n<meta name=\"robots\" content=\"index, follow, max-snippet:-1, max-image-preview:large, max-video-preview:-1\" \/>\n<link rel=\"canonical\" href=\"https:\/\/dev.dgepa.meci.pt\/politica-de-cookies\/\" \/>\n<meta property=\"og:locale\" content=\"en_GB\" \/>\n<meta property=\"og:type\" content=\"article\" \/>\n<meta property=\"og:title\" content=\"Pol\u00edtica de Cookies - DGEPA\" \/>\n<meta property=\"og:url\" content=\"https:\/\/dev.dgepa.meci.pt\/politica-de-cookies\/\" \/>\n<meta property=\"og:site_name\" content=\"DGEPA\" \/>\n<meta property=\"article:modified_time\" content=\"2026-04-21T08:36:29+00:00\" \/>\n<meta name=\"twitter:card\" content=\"summary_large_image\" \/>\n<script type=\"application\/ld+json\" class=\"yoast-schema-graph\">{\"@context\":\"https:\\\/\\\/schema.org\",\"@graph\":[{\"@type\":\"WebPage\",\"@id\":\"https:\\\/\\\/dev.dgepa.meci.pt\\\/politica-de-cookies\\\/\",\"url\":\"https:\\\/\\\/dev.dgepa.meci.pt\\\/politica-de-cookies\\\/\",\"name\":\"Pol\u00edtica de Cookies - DGEPA\",\"isPartOf\":{\"@id\":\"https:\\\/\\\/dev.dgepa.meci.pt\\\/#website\"},\"datePublished\":\"2025-10-13T21:26:01+00:00\",\"dateModified\":\"2026-04-21T08:36:29+00:00\",\"breadcrumb\":{\"@id\":\"https:\\\/\\\/dev.dgepa.meci.pt\\\/politica-de-cookies\\\/#breadcrumb\"},\"inLanguage\":\"en-GB\",\"potentialAction\":[{\"@type\":\"ReadAction\",\"target\":[\"https:\\\/\\\/dev.dgepa.meci.pt\\\/politica-de-cookies\\\/\"]}]},{\"@type\":\"BreadcrumbList\",\"@id\":\"https:\\\/\\\/dev.dgepa.meci.pt\\\/politica-de-cookies\\\/#breadcrumb\",\"itemListElement\":[{\"@type\":\"ListItem\",\"position\":1,\"name\":\"Home\",\"item\":\"https:\\\/\\\/dev.dgepa.meci.pt\\\/\"},{\"@type\":\"ListItem\",\"position\":2,\"name\":\"Pol\u00edtica de Cookies\"}]},{\"@type\":\"WebSite\",\"@id\":\"https:\\\/\\\/dev.dgepa.meci.pt\\\/#website\",\"url\":\"https:\\\/\\\/dev.dgepa.meci.pt\\\/\",\"name\":\"DGEPA\",\"description\":\"Dire\u00e7\u00e3o-Geral de Estudos, Planeamento e Avalia\u00e7\u00e3o\",\"potentialAction\":[{\"@type\":\"SearchAction\",\"target\":{\"@type\":\"EntryPoint\",\"urlTemplate\":\"https:\\\/\\\/dev.dgepa.meci.pt\\\/?s={search_term_string}\"},\"query-input\":{\"@type\":\"PropertyValueSpecification\",\"valueRequired\":true,\"valueName\":\"search_term_string\"}}],\"inLanguage\":\"en-GB\"}]}<\/script>\n<!-- \/ Yoast SEO plugin. -->","yoast_head_json":{"title":"Pol\u00edtica de Cookies - DGEPA","robots":{"index":"index","follow":"follow","max-snippet":"max-snippet:-1","max-image-preview":"max-image-preview:large","max-video-preview":"max-video-preview:-1"},"canonical":"https:\/\/dev.dgepa.meci.pt\/politica-de-cookies\/","og_locale":"en_GB","og_type":"article","og_title":"Pol\u00edtica de Cookies - DGEPA","og_url":"https:\/\/dev.dgepa.meci.pt\/politica-de-cookies\/","og_site_name":"DGEPA","article_modified_time":"2026-04-21T08:36:29+00:00","twitter_card":"summary_large_image","schema":{"@context":"https:\/\/schema.org","@graph":[{"@type":"WebPage","@id":"https:\/\/dev.dgepa.meci.pt\/politica-de-cookies\/","url":"https:\/\/dev.dgepa.meci.pt\/politica-de-cookies\/","name":"Pol\u00edtica de Cookies - DGEPA","isPartOf":{"@id":"https:\/\/dev.dgepa.meci.pt\/#website"},"datePublished":"2025-10-13T21:26:01+00:00","dateModified":"2026-04-21T08:36:29+00:00","breadcrumb":{"@id":"https:\/\/dev.dgepa.meci.pt\/politica-de-cookies\/#breadcrumb"},"inLanguage":"en-GB","potentialAction":[{"@type":"ReadAction","target":["https:\/\/dev.dgepa.meci.pt\/politica-de-cookies\/"]}]},{"@type":"BreadcrumbList","@id":"https:\/\/dev.dgepa.meci.pt\/politica-de-cookies\/#breadcrumb","itemListElement":[{"@type":"ListItem","position":1,"name":"Home","item":"https:\/\/dev.dgepa.meci.pt\/"},{"@type":"ListItem","position":2,"name":"Pol\u00edtica de Cookies"}]},{"@type":"WebSite","@id":"https:\/\/dev.dgepa.meci.pt\/#website","url":"https:\/\/dev.dgepa.meci.pt\/","name":"DGEPA","description":"Directorate-General for Studies, Planning and Evaluation","potentialAction":[{"@type":"SearchAction","target":{"@type":"EntryPoint","urlTemplate":"https:\/\/dev.dgepa.meci.pt\/?s={search_term_string}"},"query-input":{"@type":"PropertyValueSpecification","valueRequired":true,"valueName":"search_term_string"}}],"inLanguage":"en-GB"}]}},"_links":{"self":[{"href":"https:\/\/dgepa.meci.pt\/en\/wp-json\/wp\/v2\/pages\/931","targetHints":{"allow":["GET"]}}],"collection":[{"href":"https:\/\/dgepa.meci.pt\/en\/wp-json\/wp\/v2\/pages"}],"about":[{"href":"https:\/\/dgepa.meci.pt\/en\/wp-json\/wp\/v2\/types\/page"}],"author":[{"embeddable":true,"href":"https:\/\/dgepa.meci.pt\/en\/wp-json\/wp\/v2\/users\/2"}],"replies":[{"embeddable":true,"href":"https:\/\/dgepa.meci.pt\/en\/wp-json\/wp\/v2\/comments?post=931"}],"version-history":[{"count":12,"href":"https:\/\/dgepa.meci.pt\/en\/wp-json\/wp\/v2\/pages\/931\/revisions"}],"predecessor-version":[{"id":3377,"href":"https:\/\/dgepa.meci.pt\/en\/wp-json\/wp\/v2\/pages\/931\/revisions\/3377"}],"wp:attachment":[{"href":"https:\/\/dgepa.meci.pt\/en\/wp-json\/wp\/v2\/media?parent=931"}],"curies":[{"name":"wp","href":"https:\/\/api.w.org\/{rel}","templated":true}]}}